{"id":1226,"date":"2020-04-28T08:14:09","date_gmt":"2020-04-28T06:14:09","guid":{"rendered":"https:\/\/equibridges.ch\/?page_id=1226"},"modified":"2020-05-09T23:27:11","modified_gmt":"2020-05-09T21:27:11","slug":"exclusion-de-responsabilidad","status":"publish","type":"page","link":"https:\/\/equibridges.ch\/es\/exclusion-de-responsabilidad\/","title":{"rendered":"Exclusi\u00f3n de Responsabilidad"},"content":{"rendered":"<div id='av_section_1'  class='avia-section main_color avia-section-default avia-no-border-styling  avia-bg-style-scroll  avia-builder-el-0  el_before_av_section  avia-builder-el-first   container_wrap fullsize' style=' '  ><div class='container' ><main  role=\"main\" itemprop=\"mainContentOfPage\"  class='template-page content  av-content-full alpha units'><div class='post-entry post-entry-type-page post-entry-1226'><div class='entry-content-wrapper clearfix'>\n<div  style='padding-bottom:10px; ' class='av-special-heading av-special-heading-h2  blockquote modern-quote  avia-builder-el-1  el_before_av_textblock  avia-builder-el-first  '><h2 class='av-special-heading-tag '  itemprop=\"headline\"  >Disclaimer<\/h2><div class='special-heading-border'><div class='special-heading-inner-border' ><\/div><\/div><\/div>\n<section class=\"av_textblock_section \"  itemscope=\"itemscope\" itemtype=\"https:\/\/schema.org\/CreativeWork\" ><div class='avia_textblock  '   itemprop=\"text\" ><p>The user of this website agrees to the following conditions.<\/p>\n<p><strong>Content<\/strong><\/p>\n<p>Equi Bridges S.A. is making every effort to avoid technical inaccuracies, omissions, or typographical errors on this website.<\/p>\n<p>Nevertheless, Equi Bridges S.A. assumes no liability with regards to the correctness, accuracy, timeliness, reliability, completeness of the information or the constant availability of the website. Liability claims against Equi Bridges S.A. due to material or immaterial damage resulting from access to or use or non-use of the published information or from failure of the electronic information transmission are excluded.<\/p>\n<p>Equi Bridges S.A. reserves the right at any time and at its own discretion to change, supplement or delete the content of this website and the present provisions without separate announcement or to temporarily or permanently cease publication.<\/p>\n<p><strong>Links<\/strong><\/p>\n<p>References and\/or links to third party websites are outside the responsibility of Equi Bridges S.A. and all responsibility for such websites is rejected. Access to and use of such websites is at the user&#8217;s own risk.<\/p>\n<p>The respective provider or operator is always responsible for the content of the linked pages. The linked pages were checked for possible legal violations at the time the link was created. No illegal content was discernible at the time the link was created.<\/p>\n<p>A permanent control of the content of the linked pages is not reasonable without concrete evidence of an infringement. As soon as we become aware of legal violations, we will immediately remove such references and\/or links.<\/p>\n<p><strong>Copyright<\/strong><\/p>\n<p>The entire content of the website is subject to copyright. The copyright and all other rights to content, images, photos or other files on the website belong exclusively to Equi Bridges AG or the specifically named right holders. The website may not be reproduced in whole or in part, transmitted electronically or in any other way, modified, links made to it or used for public or commercial purposes, unless Equi Bridges S.A. has given prior written consent.<\/p>\n<p>Downloading and using individual pages and information from the website is permitted for personal use.<\/p>\n<\/div><\/section>\n<\/div><\/div><\/main><!-- close content main element --><\/div><\/div><div id='footer-section'  class='avia-section alternate_color avia-section-small avia-no-border-styling  avia-bg-style-scroll  avia-builder-el-3  el_after_av_section  avia-builder-el-last   container_wrap fullsize' style='background-color: #15375a;  '  ><div class='container' ><div class='template-page content  av-content-full alpha units'><div class='post-entry post-entry-type-page post-entry-1226'><div class='entry-content-wrapper clearfix'>\n<div  style='height:10px' class='hr hr-invisible   avia-builder-el-4  el_before_av_textblock  avia-builder-el-first '><span class='hr-inner ' ><span class='hr-inner-style'><\/span><\/span><\/div>\n<section class=\"av_textblock_section \"  itemscope=\"itemscope\" itemtype=\"https:\/\/schema.org\/CreativeWork\" ><div class='avia_textblock  av_inherit_color '  style='color:#ffffff; '  itemprop=\"text\" ><p style=\"text-align: center;\"><span style=\"font-weight: bold;\">Equi<\/span> Bridges S.A.<br \/>\n<a class=\"footer-link-mainstation\" href=\"http:\/\/www.mainstation1901.ch\/\" target=\"_blank\" rel=\"noopener noreferrer\">Mainstation 1901<\/a><br \/>\nSpundisstrasse 23<br \/>\n7000 Chur<\/p>\n<\/div><\/section>\n<section class=\"av_textblock_section \"  itemscope=\"itemscope\" itemtype=\"https:\/\/schema.org\/CreativeWork\" ><div class='avia_textblock  '   itemprop=\"text\" ><p style=\"text-align: center;\"><a href=\"tel: +41 81 515 19 03\"><img loading=\"lazy\" decoding=\"async\" class=\"alignnone size-full wp-image-937\" src=\"https:\/\/equibridges.ch\/wp-content\/uploads\/2020\/04\/footer-phone-icon-1.png\" alt=\"\" width=\"15\" height=\"15\" srcset=\"https:\/\/equibridges.ch\/wp-content\/uploads\/2020\/04\/footer-phone-icon-1.png 80w, https:\/\/equibridges.ch\/wp-content\/uploads\/2020\/04\/footer-phone-icon-1-36x36.png 36w\" sizes=\"auto, (max-width: 15px) 100vw, 15px\" \/>\u00a0+41 81 515 19 03<\/a><\/p>\n<\/div><\/section>\n<div  class='avia-buttonrow-wrap avia-buttonrow-center   avia-builder-el-7  el_after_av_textblock  avia-builder-el-last '>\n<a href='https:\/\/www.linkedin.com\/company\/equibridges' class='avia-button  av-button-notext  avia-icon_select-yes-left-icon avia-color-custom avia-size-large ' target=\"_blank\" style='background-color:#09365d; border-color:#09365d; color:#96aab7; margin-bottom:5px; margin-left:3px; margin-right:3px; ' rel=\"noopener\"><span class='avia_button_icon avia_button_icon_left ' aria-hidden='true' data-av_icon='\ue8fc' data-av_iconfont='entypo-fontello'><\/span><span class='avia_iconbox_title' ><\/span><\/a>\n<a href='https:\/\/www.xing.com\/companies\/equibridgesag' class='avia-button  av-button-notext  avia-icon_select-yes-left-icon avia-color-custom avia-size-large ' target=\"_blank\" style='background-color:#09365d; border-color:#09365d; color:#96aab7; margin-bottom:5px; margin-left:3px; margin-right:3px; ' rel=\"noopener\"><span class='avia_button_icon avia_button_icon_left ' aria-hidden='true' data-av_icon='\ue923' data-av_iconfont='entypo-fontello'><\/span><span class='avia_iconbox_title' ><\/span><\/a>\n<a href='https:\/\/www.instagram.com\/equibridges' class='avia-button  av-button-notext  avia-icon_select-yes-left-icon avia-color-custom avia-size-large ' target=\"_blank\" style='background-color:#09365d; border-color:#09365d; color:#96aab7; margin-bottom:5px; margin-left:3px; margin-right:3px; ' rel=\"noopener\"><span class='avia_button_icon avia_button_icon_left ' aria-hidden='true' data-av_icon='\ue909' data-av_iconfont='entypo-fontello'><\/span><span class='avia_iconbox_title' ><\/span><\/a>\n<\/div>\n<\/p>\n","protected":false},"excerpt":{"rendered":"","protected":false},"author":3,"featured_media":3135,"parent":0,"menu_order":26,"comment_status":"closed","ping_status":"closed","template":"","meta":{"footnotes":""},"class_list":["post-1226","page","type-page","status-publish","has-post-thumbnail","hentry"],"yoast_head":"<!-- This site is optimized with the Yoast SEO plugin v25.0 - https:\/\/yoast.com\/wordpress\/plugins\/seo\/ -->\n<title>Exclusi\u00f3n de Responsabilidad | Equi Bridges AG - Br\u00fcckenbau aus Leidenschaft<\/title>\n<meta name=\"robots\" content=\"index, follow, max-snippet:-1, max-image-preview:large, max-video-preview:-1\" \/>\n<link rel=\"canonical\" href=\"https:\/\/equibridges.ch\/es\/exclusion-de-responsabilidad\/\" \/>\n<meta property=\"og:locale\" content=\"es_ES\" \/>\n<meta property=\"og:type\" content=\"article\" \/>\n<meta property=\"og:title\" content=\"Exclusi\u00f3n de Responsabilidad | Equi Bridges AG - Br\u00fcckenbau aus Leidenschaft\" \/>\n<meta property=\"og:url\" content=\"https:\/\/equibridges.ch\/es\/exclusion-de-responsabilidad\/\" \/>\n<meta property=\"og:site_name\" content=\"Equi Bridges AG - Br\u00fcckenbau aus Leidenschaft\" \/>\n<meta property=\"article:modified_time\" content=\"2020-05-09T21:27:11+00:00\" \/>\n<meta property=\"og:image\" content=\"https:\/\/equibridges.ch\/wp-content\/uploads\/2021\/02\/logo-equi-bridges-thumbnail.jpg\" \/>\n\t<meta property=\"og:image:width\" content=\"877\" \/>\n\t<meta property=\"og:image:height\" content=\"878\" \/>\n\t<meta property=\"og:image:type\" content=\"image\/jpeg\" \/>\n<meta name=\"twitter:card\" content=\"summary_large_image\" \/>\n<meta name=\"twitter:label1\" content=\"Tiempo de lectura\" \/>\n\t<meta name=\"twitter:data1\" content=\"5 minutos\" \/>\n<script type=\"application\/ld+json\" class=\"yoast-schema-graph\">{\"@context\":\"https:\/\/schema.org\",\"@graph\":[{\"@type\":\"WebPage\",\"@id\":\"https:\/\/equibridges.ch\/es\/exclusion-de-responsabilidad\/\",\"url\":\"https:\/\/equibridges.ch\/es\/exclusion-de-responsabilidad\/\",\"name\":\"Exclusi\u00f3n de Responsabilidad | Equi Bridges AG - Br\u00fcckenbau aus Leidenschaft\",\"isPartOf\":{\"@id\":\"https:\/\/equibridges.ch\/es\/#website\"},\"primaryImageOfPage\":{\"@id\":\"https:\/\/equibridges.ch\/es\/exclusion-de-responsabilidad\/#primaryimage\"},\"image\":{\"@id\":\"https:\/\/equibridges.ch\/es\/exclusion-de-responsabilidad\/#primaryimage\"},\"thumbnailUrl\":\"https:\/\/equibridges.ch\/wp-content\/uploads\/2021\/02\/logo-equi-bridges-thumbnail.jpg\",\"datePublished\":\"2020-04-28T06:14:09+00:00\",\"dateModified\":\"2020-05-09T21:27:11+00:00\",\"breadcrumb\":{\"@id\":\"https:\/\/equibridges.ch\/es\/exclusion-de-responsabilidad\/#breadcrumb\"},\"inLanguage\":\"es\",\"potentialAction\":[{\"@type\":\"ReadAction\",\"target\":[\"https:\/\/equibridges.ch\/es\/exclusion-de-responsabilidad\/\"]}]},{\"@type\":\"ImageObject\",\"inLanguage\":\"es\",\"@id\":\"https:\/\/equibridges.ch\/es\/exclusion-de-responsabilidad\/#primaryimage\",\"url\":\"https:\/\/equibridges.ch\/wp-content\/uploads\/2021\/02\/logo-equi-bridges-thumbnail.jpg\",\"contentUrl\":\"https:\/\/equibridges.ch\/wp-content\/uploads\/2021\/02\/logo-equi-bridges-thumbnail.jpg\",\"width\":877,\"height\":878,\"caption\":\"Equi Bridges | Br\u00fcckeningenieure Graub\u00fcnden\"},{\"@type\":\"BreadcrumbList\",\"@id\":\"https:\/\/equibridges.ch\/es\/exclusion-de-responsabilidad\/#breadcrumb\",\"itemListElement\":[{\"@type\":\"ListItem\",\"position\":1,\"name\":\"Home\",\"item\":\"https:\/\/equibridges.ch\/es\/home\/\"},{\"@type\":\"ListItem\",\"position\":2,\"name\":\"Exclusi\u00f3n de Responsabilidad\"}]},{\"@type\":\"WebSite\",\"@id\":\"https:\/\/equibridges.ch\/es\/#website\",\"url\":\"https:\/\/equibridges.ch\/es\/\",\"name\":\"Equi Bridges AG - Br\u00fcckenbau aus Leidenschaft\",\"description\":\"Wir sind auf Kunstbauten spezialisierte Br\u00fcckenbauingenieure mit N\u00e4he zu Forschung und Entwicklung. Unsere Mitarbeiter sind Experten auf ihrem Gebiet und weisen langj\u00e4hrige Erfahrung im heimischen Br\u00fcckenbau wie auch im internationalen Grossbr\u00fcckenbau aus.\",\"publisher\":{\"@id\":\"https:\/\/equibridges.ch\/es\/#organization\"},\"potentialAction\":[{\"@type\":\"SearchAction\",\"target\":{\"@type\":\"EntryPoint\",\"urlTemplate\":\"https:\/\/equibridges.ch\/es\/?s={search_term_string}\"},\"query-input\":{\"@type\":\"PropertyValueSpecification\",\"valueRequired\":true,\"valueName\":\"search_term_string\"}}],\"inLanguage\":\"es\"},{\"@type\":\"Organization\",\"@id\":\"https:\/\/equibridges.ch\/es\/#organization\",\"name\":\"Equi Bridges AG\",\"url\":\"https:\/\/equibridges.ch\/es\/\",\"logo\":{\"@type\":\"ImageObject\",\"inLanguage\":\"es\",\"@id\":\"https:\/\/equibridges.ch\/es\/#\/schema\/logo\/image\/\",\"url\":\"https:\/\/equibridges.ch\/wp-content\/uploads\/2020\/05\/main-logo.png\",\"contentUrl\":\"https:\/\/equibridges.ch\/wp-content\/uploads\/2020\/05\/main-logo.png\",\"width\":523,\"height\":270,\"caption\":\"Equi Bridges AG\"},\"image\":{\"@id\":\"https:\/\/equibridges.ch\/es\/#\/schema\/logo\/image\/\"},\"sameAs\":[\"https:\/\/www.instagram.com\/equibridges\",\"https:\/\/www.linkedin.com\/company\/equibridges\"]}]}<\/script>\n<!-- \/ Yoast SEO plugin. -->","yoast_head_json":{"title":"Exclusi\u00f3n de Responsabilidad | Equi Bridges AG - Br\u00fcckenbau aus Leidenschaft","robots":{"index":"index","follow":"follow","max-snippet":"max-snippet:-1","max-image-preview":"max-image-preview:large","max-video-preview":"max-video-preview:-1"},"canonical":"https:\/\/equibridges.ch\/es\/exclusion-de-responsabilidad\/","og_locale":"es_ES","og_type":"article","og_title":"Exclusi\u00f3n de Responsabilidad | Equi Bridges AG - Br\u00fcckenbau aus Leidenschaft","og_url":"https:\/\/equibridges.ch\/es\/exclusion-de-responsabilidad\/","og_site_name":"Equi Bridges AG - Br\u00fcckenbau aus Leidenschaft","article_modified_time":"2020-05-09T21:27:11+00:00","og_image":[{"width":877,"height":878,"url":"https:\/\/equibridges.ch\/wp-content\/uploads\/2021\/02\/logo-equi-bridges-thumbnail.jpg","type":"image\/jpeg"}],"twitter_card":"summary_large_image","twitter_misc":{"Tiempo de lectura":"5 minutos"},"schema":{"@context":"https:\/\/schema.org","@graph":[{"@type":"WebPage","@id":"https:\/\/equibridges.ch\/es\/exclusion-de-responsabilidad\/","url":"https:\/\/equibridges.ch\/es\/exclusion-de-responsabilidad\/","name":"Exclusi\u00f3n de Responsabilidad | Equi Bridges AG - Br\u00fcckenbau aus Leidenschaft","isPartOf":{"@id":"https:\/\/equibridges.ch\/es\/#website"},"primaryImageOfPage":{"@id":"https:\/\/equibridges.ch\/es\/exclusion-de-responsabilidad\/#primaryimage"},"image":{"@id":"https:\/\/equibridges.ch\/es\/exclusion-de-responsabilidad\/#primaryimage"},"thumbnailUrl":"https:\/\/equibridges.ch\/wp-content\/uploads\/2021\/02\/logo-equi-bridges-thumbnail.jpg","datePublished":"2020-04-28T06:14:09+00:00","dateModified":"2020-05-09T21:27:11+00:00","breadcrumb":{"@id":"https:\/\/equibridges.ch\/es\/exclusion-de-responsabilidad\/#breadcrumb"},"inLanguage":"es","potentialAction":[{"@type":"ReadAction","target":["https:\/\/equibridges.ch\/es\/exclusion-de-responsabilidad\/"]}]},{"@type":"ImageObject","inLanguage":"es","@id":"https:\/\/equibridges.ch\/es\/exclusion-de-responsabilidad\/#primaryimage","url":"https:\/\/equibridges.ch\/wp-content\/uploads\/2021\/02\/logo-equi-bridges-thumbnail.jpg","contentUrl":"https:\/\/equibridges.ch\/wp-content\/uploads\/2021\/02\/logo-equi-bridges-thumbnail.jpg","width":877,"height":878,"caption":"Equi Bridges | Br\u00fcckeningenieure Graub\u00fcnden"},{"@type":"BreadcrumbList","@id":"https:\/\/equibridges.ch\/es\/exclusion-de-responsabilidad\/#breadcrumb","itemListElement":[{"@type":"ListItem","position":1,"name":"Home","item":"https:\/\/equibridges.ch\/es\/home\/"},{"@type":"ListItem","position":2,"name":"Exclusi\u00f3n de Responsabilidad"}]},{"@type":"WebSite","@id":"https:\/\/equibridges.ch\/es\/#website","url":"https:\/\/equibridges.ch\/es\/","name":"Equi Bridges AG - Br\u00fcckenbau aus Leidenschaft","description":"Wir sind auf Kunstbauten spezialisierte Br\u00fcckenbauingenieure mit N\u00e4he zu Forschung und Entwicklung. Unsere Mitarbeiter sind Experten auf ihrem Gebiet und weisen langj\u00e4hrige Erfahrung im heimischen Br\u00fcckenbau wie auch im internationalen Grossbr\u00fcckenbau aus.","publisher":{"@id":"https:\/\/equibridges.ch\/es\/#organization"},"potentialAction":[{"@type":"SearchAction","target":{"@type":"EntryPoint","urlTemplate":"https:\/\/equibridges.ch\/es\/?s={search_term_string}"},"query-input":{"@type":"PropertyValueSpecification","valueRequired":true,"valueName":"search_term_string"}}],"inLanguage":"es"},{"@type":"Organization","@id":"https:\/\/equibridges.ch\/es\/#organization","name":"Equi Bridges AG","url":"https:\/\/equibridges.ch\/es\/","logo":{"@type":"ImageObject","inLanguage":"es","@id":"https:\/\/equibridges.ch\/es\/#\/schema\/logo\/image\/","url":"https:\/\/equibridges.ch\/wp-content\/uploads\/2020\/05\/main-logo.png","contentUrl":"https:\/\/equibridges.ch\/wp-content\/uploads\/2020\/05\/main-logo.png","width":523,"height":270,"caption":"Equi Bridges AG"},"image":{"@id":"https:\/\/equibridges.ch\/es\/#\/schema\/logo\/image\/"},"sameAs":["https:\/\/www.instagram.com\/equibridges","https:\/\/www.linkedin.com\/company\/equibridges"]}]}},"_links":{"self":[{"href":"https:\/\/equibridges.ch\/es\/wp-json\/wp\/v2\/pages\/1226","targetHints":{"allow":["GET"]}}],"collection":[{"href":"https:\/\/equibridges.ch\/es\/wp-json\/wp\/v2\/pages"}],"about":[{"href":"https:\/\/equibridges.ch\/es\/wp-json\/wp\/v2\/types\/page"}],"author":[{"embeddable":true,"href":"https:\/\/equibridges.ch\/es\/wp-json\/wp\/v2\/users\/3"}],"replies":[{"embeddable":true,"href":"https:\/\/equibridges.ch\/es\/wp-json\/wp\/v2\/comments?post=1226"}],"version-history":[{"count":9,"href":"https:\/\/equibridges.ch\/es\/wp-json\/wp\/v2\/pages\/1226\/revisions"}],"predecessor-version":[{"id":2078,"href":"https:\/\/equibridges.ch\/es\/wp-json\/wp\/v2\/pages\/1226\/revisions\/2078"}],"wp:featuredmedia":[{"embeddable":true,"href":"https:\/\/equibridges.ch\/es\/wp-json\/wp\/v2\/media\/3135"}],"wp:attachment":[{"href":"https:\/\/equibridges.ch\/es\/wp-json\/wp\/v2\/media?parent=1226"}],"curies":[{"name":"wp","href":"https:\/\/api.w.org\/{rel}","templated":true}]}}